{"id":8,"date":"2020-04-27T12:54:04","date_gmt":"2020-04-27T10:54:04","guid":{"rendered":"http:\/\/cholin.net\/belleville\/?page_id=8"},"modified":"2020-04-29T17:18:42","modified_gmt":"2020-04-29T15:18:42","slug":"enquete-de-continuite-pedagogique","status":"publish","type":"page","link":"https:\/\/cholin.net\/belleville\/","title":{"rendered":"Enqu\u00eate sur la continuit\u00e9 p\u00e9dagogique et le d\u00e9confinement"},"content":{"rendered":"\n<p class=\"has-text-align-center\">Il fallait r\u00e9pondre \u00e0 cette enqu\u00eate <strong>avant le mercredi 29 avril 12h00.<\/strong><br>L&rsquo;enqu\u00eate est <strong>close<\/strong>.<\/p>\n\n\n\n<p class=\"has-text-align-center\"><strong>Merci <\/strong>\u00e0 ceux qui ont donn\u00e9 leur avis !<\/p>\n\n\n\n<p class=\"has-text-align-center\">Bonne journ\u00e9e.<\/p>\n","protected":false},"excerpt":{"rendered":"<p>Il fallait r\u00e9pondre \u00e0 cette enqu\u00eate avant le mercredi 29 avril 12h00.L&rsquo;enqu\u00eate est close. Merci \u00e0 ceux qui ont donn\u00e9 leur avis ! Bonne journ\u00e9e.<\/p>\n","protected":false},"author":1,"featured_media":0,"parent":0,"menu_order":0,"comment_status":"closed","ping_status":"closed","template":"","meta":{"footnotes":""},"_links":{"self":[{"href":"https:\/\/cholin.net\/belleville\/wp-json\/wp\/v2\/pages\/8"}],"collection":[{"href":"https:\/\/cholin.net\/belleville\/wp-json\/wp\/v2\/pages"}],"about":[{"href":"https:\/\/cholin.net\/belleville\/wp-json\/wp\/v2\/types\/page"}],"author":[{"embeddable":true,"href":"https:\/\/cholin.net\/belleville\/wp-json\/wp\/v2\/users\/1"}],"replies":[{"embeddable":true,"href":"https:\/\/cholin.net\/belleville\/wp-json\/wp\/v2\/comments?post=8"}],"version-history":[{"count":9,"href":"https:\/\/cholin.net\/belleville\/wp-json\/wp\/v2\/pages\/8\/revisions"}],"predecessor-version":[{"id":27,"href":"https:\/\/cholin.net\/belleville\/wp-json\/wp\/v2\/pages\/8\/revisions\/27"}],"wp:attachment":[{"href":"https:\/\/cholin.net\/belleville\/wp-json\/wp\/v2\/media?parent=8"}],"curies":[{"name":"wp","href":"https:\/\/api.w.org\/{rel}","templated":true}]}}